{"id":443,"date":"2024-12-13T13:25:06","date_gmt":"2024-12-13T11:25:06","guid":{"rendered":"https:\/\/qwh.agma.studio\/?post_type=product&#038;p=443"},"modified":"2025-08-25T15:19:29","modified_gmt":"2025-08-25T12:19:29","slug":"pinot-noir-vintage-2021","status":"publish","type":"product","link":"https:\/\/queenswinehouse.com\/ro\/revista\/vin-rosu\/pinot-noir-vintage-2021\/","title":{"rendered":"Pinot Noir vintage 2021"},"content":{"rendered":"<p><strong>Vin ro\u0219u sec din Pinot Noir, 0,75 l, 12,5%alc., edi\u021bie limitat\u0103 1441 sticle<\/strong><\/p>\n<p>Aceast\u0103 sticl\u0103 este o expresie a filozofiei noastre de vinifica\u021bie. Emo\u021bia de a te \u00eenchina \u00een fa\u021ba cuiva special <strong>Soiul Pinot Noir<\/strong>.<br \/>\nSelectarea celor mai bune ciorchini, transportul unei perne de paie, sf\u0103r\u00e2mare. Complexitatea gustului se dob\u00e2nde\u0219te prin dou\u0103sprezece zile de macerare \u0219i fermentare la rece cu o propor\u021bie de cereale integrale \u0219i must de struguri la o anumit\u0103 temperatur\u0103, \u00eemp\u0103r\u021bit \u00een treimi. Fermenta\u021bia malolactic\u0103 a \u00eembog\u0103\u021bit aromele \u0219i a ad\u0103ugat moliciunea gurii.<\/p>","protected":false},"excerpt":{"rendered":"<p>Fine\u021bea sa elegant\u0103 \u00eel face o tenta\u021bie atractiv\u0103 ca aperitiv sau partener la felurile principale. Potrivit pentru combinare cu preparate vegetariene.<\/p>\n<p>Red Pinot Noir este un cadou minunat pentru ocazii formale \u0219i ceremoniale. O solu\u021bie perfect\u0103 pentru a-i mul\u021bumi pe cei dragi sau dac\u0103 trebuie s\u0103-\u021bi ar\u0103\u021bi respectul fa\u021b\u0103 de partenerii de afaceri \u0219i clien\u021bii speciali. Cu poten\u021bialul de \u00eenvechire al acestui vin \u0219i seria limitat\u0103 de 1441 de sticle, demonstrezi o atitudine \u0219i o dorin\u021b\u0103 deosebit\u0103 de cooperare pe termen lung. Un exemplar minunat cu care s\u0103 s\u0103rb\u0103tore\u0219ti o \u00eent\u00e2lnire personal\u0103, sau succesele tale comune peste zece ani.<\/p>","protected":false},"featured_media":444,"comment_status":"open","ping_status":"closed","template":"","meta":{"_acf_changed":false},"product_brand":[],"product_cat":[17],"product_tag":[],"class_list":{"0":"post-443","1":"product","2":"type-product","3":"status-publish","4":"has-post-thumbnail","6":"product_cat-cherveni-vina","8":"first","9":"outofstock","10":"shipping-taxable","11":"purchasable","12":"product-type-simple"},"acf":[],"_links":{"self":[{"href":"https:\/\/queenswinehouse.com\/ro\/wp-json\/wp\/v2\/product\/443","targetHints":{"allow":["GET"]}}],"collection":[{"href":"https:\/\/queenswinehouse.com\/ro\/wp-json\/wp\/v2\/product"}],"about":[{"href":"https:\/\/queenswinehouse.com\/ro\/wp-json\/wp\/v2\/types\/product"}],"replies":[{"embeddable":true,"href":"https:\/\/queenswinehouse.com\/ro\/wp-json\/wp\/v2\/comments?post=443"}],"wp:featuredmedia":[{"embeddable":true,"href":"https:\/\/queenswinehouse.com\/ro\/wp-json\/wp\/v2\/media\/444"}],"wp:attachment":[{"href":"https:\/\/queenswinehouse.com\/ro\/wp-json\/wp\/v2\/media?parent=443"}],"wp:term":[{"taxonomy":"product_brand","embeddable":true,"href":"https:\/\/queenswinehouse.com\/ro\/wp-json\/wp\/v2\/product_brand?post=443"},{"taxonomy":"product_cat","embeddable":true,"href":"https:\/\/queenswinehouse.com\/ro\/wp-json\/wp\/v2\/product_cat?post=443"},{"taxonomy":"product_tag","embeddable":true,"href":"https:\/\/queenswinehouse.com\/ro\/wp-json\/wp\/v2\/product_tag?post=443"}],"curies":[{"name":"wp","href":"https:\/\/api.w.org\/{rel}","templated":true}]}}